{"id":370,"date":"2019-09-16T21:07:24","date_gmt":"2019-09-17T01:07:24","guid":{"rendered":"https:\/\/www.physiodesmonts.com\/osteopathy-service\/"},"modified":"2020-08-05T10:41:52","modified_gmt":"2020-08-05T14:41:52","slug":"osteopathy-service","status":"publish","type":"page","link":"https:\/\/www.physiodesmonts.com\/en\/osteopathy-service\/","title":{"rendered":"Osteopathy Service"},"content":{"rendered":"<p>[et_pb_section fb_built=&#8221;1&#8243; fullwidth=&#8221;on&#8221; _builder_version=&#8221;3.26&#8243; border_width_bottom=&#8221;13px&#8221; border_color_bottom=&#8221;#ed1c24&#8243;][et_pb_fullwidth_header _builder_version=&#8221;3.26&#8243; title_text_color=&#8221;#000000&#8243; background_enable_color=&#8221;off&#8221; background_image=&#8221;https:\/\/www.physiodesmonts.com\/wp-content\/uploads\/2019\/07\/physiotherapie-des-monts-osteopathie_banniere.jpg&#8221; custom_padding=&#8221;150px||150px||false|false&#8221;][\/et_pb_fullwidth_header][\/et_pb_section][et_pb_section fb_built=&#8221;1&#8243; _builder_version=&#8221;3.26&#8243; background_image=&#8221;https:\/\/www.physiodesmonts.com\/wp-content\/uploads\/2019\/07\/physiotherapie-des-monts_bgwavegris.png&#8221; custom_css_main_element=&#8221;background-attachment:fixed;&#8221;][et_pb_row custom_padding=&#8221;||0px||false|false&#8221; custom_margin=&#8221;||0px||false|false&#8221; _builder_version=&#8221;3.26&#8243;][et_pb_column type=&#8221;4_4&#8243; _builder_version=&#8221;3.26&#8243;][et_pb_text _builder_version=&#8221;3.26&#8243; custom_margin=&#8221;||0px||false|false&#8221;]<\/p>\n<h1>Osteopathy Service<\/h1>\n<p>&nbsp;<\/p>\n<p>Osteopathy is a manual approach with the objective to restore the functionality of the structures and systems of the human body in order to optimize its self-regulation capacity.  This practice is based on in-depth knowledge of the health sciences and interactions specific to the body\u2019s equilibrium.<\/p>\n<p>Thanks to fine and precise palpation, a complete and global evaluation allows for the investigation of the cause of the neuro-musculoskeletal, visceral and cranial dysfunctions.  Each osteopathic treatment is specific to the individual.<\/p>\n<p>&nbsp;<\/p>\n<h3>Who is osteopathy for?<\/h3>\n<p>[\/et_pb_text][\/et_pb_column][\/et_pb_row][et_pb_row column_structure=&#8221;1_6,1_6,1_6,1_6,1_6,1_6&#8243; use_custom_gutter=&#8221;on&#8221; gutter_width=&#8221;1&#8243; make_equal=&#8221;on&#8221; _builder_version=&#8221;3.26&#8243; width=&#8221;100%&#8221; module_alignment=&#8221;center&#8221;][et_pb_column type=&#8221;1_6&#8243; _builder_version=&#8221;3.26&#8243;][et_pb_image src=&#8221;https:\/\/www.physiodesmonts.com\/wp-content\/uploads\/2019\/07\/physiotherapie-des-monts-osteopathie-femme-enceinte.png&#8221; align=&#8221;center&#8221; _builder_version=&#8221;3.26&#8243; custom_margin=&#8221;||10px||false|false&#8221;][\/et_pb_image][et_pb_text _builder_version=&#8221;3.26&#8243;]<\/p>\n<h3 style=\"text-align: center;\"><strong><span style=\"color: #ed1c24;\">Pregnant women<\/span><\/strong><\/h3>\n<p>[\/et_pb_text][\/et_pb_column][et_pb_column type=&#8221;1_6&#8243; _builder_version=&#8221;3.26&#8243;][et_pb_image src=&#8221;https:\/\/www.physiodesmonts.com\/wp-content\/uploads\/2019\/07\/physiotherapie-des-monts-osteopathie-bebe.png&#8221; align=&#8221;center&#8221; _builder_version=&#8221;3.26&#8243; custom_margin=&#8221;||10px||false|false&#8221;][\/et_pb_image][et_pb_text _builder_version=&#8221;3.26&#8243;]<\/p>\n<h3 style=\"text-align: center;\"><strong><span style=\"color: #ed1c24;\">Infants and babies<\/span><\/strong><\/h3>\n<p>[\/et_pb_text][\/et_pb_column][et_pb_column type=&#8221;1_6&#8243; _builder_version=&#8221;3.26&#8243;][et_pb_image src=&#8221;https:\/\/www.physiodesmonts.com\/wp-content\/uploads\/2019\/07\/physiotherapie-des-monts-osteopathie-enfant.png&#8221; align=&#8221;center&#8221; _builder_version=&#8221;3.26&#8243; custom_margin=&#8221;||10px||false|false&#8221;][\/et_pb_image][et_pb_text _builder_version=&#8221;3.26&#8243;]<\/p>\n<h3 style=\"text-align: center;\"><strong><span style=\"color: #ed1c24;\">Children<\/span><\/strong><\/h3>\n<p>[\/et_pb_text][\/et_pb_column][et_pb_column type=&#8221;1_6&#8243; _builder_version=&#8221;3.26&#8243;][et_pb_image src=&#8221;https:\/\/www.physiodesmonts.com\/wp-content\/uploads\/2019\/07\/physiotherapie-des-monts-osteopathie-adolescent.png&#8221; align=&#8221;center&#8221; _builder_version=&#8221;3.26&#8243; custom_margin=&#8221;||10px||false|false&#8221;][\/et_pb_image][et_pb_text _builder_version=&#8221;3.26&#8243;]<\/p>\n<h3 style=\"text-align: center;\"><strong><span style=\"color: #ed1c24;\">Teenagers<\/span><\/strong><\/h3>\n<p>[\/et_pb_text][\/et_pb_column][et_pb_column type=&#8221;1_6&#8243; _builder_version=&#8221;3.26&#8243;][et_pb_image src=&#8221;https:\/\/www.physiodesmonts.com\/wp-content\/uploads\/2019\/07\/physiotherapie-des-monts-osteopathie-adulte.png&#8221; align=&#8221;center&#8221; _builder_version=&#8221;3.26&#8243; custom_margin=&#8221;||10px||false|false&#8221;][\/et_pb_image][et_pb_text _builder_version=&#8221;3.26&#8243;]<\/p>\n<h3 style=\"text-align: center;\"><strong><span style=\"color: #ed1c24;\">Adults<\/span><\/strong><\/h3>\n<p>[\/et_pb_text][\/et_pb_column][et_pb_column type=&#8221;1_6&#8243; _builder_version=&#8221;3.26&#8243;][et_pb_image src=&#8221;https:\/\/www.physiodesmonts.com\/wp-content\/uploads\/2019\/07\/physiotherapie-des-monts-osteopathie-personnes-agees.png&#8221; align=&#8221;center&#8221; _builder_version=&#8221;3.26&#8243; custom_margin=&#8221;||10px||false|false&#8221;][\/et_pb_image][et_pb_text _builder_version=&#8221;3.26&#8243;]<\/p>\n<h3 style=\"text-align: center;\"><strong><span style=\"color: #ed1c24;\">Senior citizens<\/span><\/strong><\/h3>\n<p>[\/et_pb_text][\/et_pb_column][\/et_pb_row][\/et_pb_section][et_pb_section fb_built=&#8221;1&#8243; _builder_version=&#8221;3.26&#8243; background_color=&#8221;#ed1c24&#8243; background_image=&#8221;https:\/\/www.physiodesmonts.com\/wp-content\/uploads\/2019\/07\/physiotherapie-des-monts_bg-gris.png&#8221; background_blend=&#8221;overlay&#8221; custom_css_main_element=&#8221;background-attachment:fixed;&#8221;][et_pb_row _builder_version=&#8221;3.26&#8243;][et_pb_column type=&#8221;4_4&#8243; _builder_version=&#8221;3.26&#8243;][et_pb_text _builder_version=&#8221;3.26&#8243;]<\/p>\n<h2 style=\"text-align: center; line-height: 35px;\"><span style=\"color: #ffffff;\">Meet our osteopaths<\/span><\/h2>\n<p>[\/et_pb_text][et_pb_button button_url=&#8221;https:\/\/www.physiodesmonts.com\/en\/our-team\/&#8221; button_text=&#8221;LEARN MORE&#8221; button_alignment=&#8221;center&#8221; _builder_version=&#8221;3.26&#8243; custom_button=&#8221;on&#8221; button_text_size=&#8221;16px&#8221; button_text_color=&#8221;#FFFFFF&#8221; button_bg_color=&#8221;#ed1c24&#8243; button_border_color=&#8221;#ffffff&#8221; button_border_radius=&#8221;0px&#8221; button_font=&#8221;|600|||||||&#8221; button_use_icon=&#8221;off&#8221; custom_padding=&#8221;|50px||50px|false|false&#8221;][\/et_pb_button][\/et_pb_column][\/et_pb_row][\/et_pb_section]<\/p>\n","protected":false},"excerpt":{"rendered":"<p>Osteopathy Service &nbsp; Osteopathy is a manual approach with the objective to restore the functionality of the structures and systems of the human body in order to optimize its self-regulation capacity. This practice is based on in-depth knowledge of the health sciences and interactions specific to the body\u2019s equilibrium. Thanks to fine and precise palpation, [&hellip;]<\/p>\n","protected":false},"author":1,"featured_media":0,"parent":0,"menu_order":0,"comment_status":"closed","ping_status":"closed","template":"","meta":{"_et_pb_use_builder":"on","_et_pb_old_content":"","_et_gb_content_width":"","footnotes":""},"class_list":["post-370","page","type-page","status-publish","hentry"],"yoast_head":"<!-- This site is optimized with the Yoast SEO plugin v27.3 - https:\/\/yoast.com\/product\/yoast-seo-wordpress\/ -->\n<title>Service d&#039;ost\u00e9opathie \u00e0 Pr\u00e9vost | Clinique Physioth\u00e9rapie des Monts<\/title>\n<meta name=\"description\" content=\"La Clinique Physioth\u00e9rapie des Monts offre le service d&#039;ost\u00e9ophathie, \u00e0 Pr\u00e9vost dans les Laurentides, avec notre ost\u00e9opathe Kim Aspiro.\" \/>\n<meta name=\"robots\" content=\"index, follow, max-snippet:-1, max-image-preview:large, max-video-preview:-1\" \/>\n<link rel=\"canonical\" href=\"https:\/\/www.physiodesmonts.com\/en\/osteopathy-service\/\" \/>\n<meta property=\"og:locale\" content=\"en_US\" \/>\n<meta property=\"og:type\" content=\"article\" \/>\n<meta property=\"og:title\" content=\"Service d&#039;ost\u00e9opathie \u00e0 Pr\u00e9vost | Clinique Physioth\u00e9rapie des Monts\" \/>\n<meta property=\"og:description\" content=\"La Clinique Physioth\u00e9rapie des Monts offre le service d&#039;ost\u00e9ophathie, \u00e0 Pr\u00e9vost dans les Laurentides, avec notre ost\u00e9opathe Kim Aspiro.\" \/>\n<meta property=\"og:url\" content=\"https:\/\/www.physiodesmonts.com\/en\/osteopathy-service\/\" \/>\n<meta property=\"og:site_name\" content=\"Clinique Physioth\u00e9rapie des Monts\" \/>\n<meta property=\"article:publisher\" content=\"https:\/\/www.facebook.com\/Clinique-Physioth%c3%a9rapie-des-Monts-172495479607885\/\" \/>\n<meta property=\"article:modified_time\" content=\"2020-08-05T14:41:52+00:00\" \/>\n<meta name=\"twitter:card\" content=\"summary_large_image\" \/>\n<meta name=\"twitter:title\" content=\"Service d&#039;ost\u00e9opathie \u00e0 Pr\u00e9vost | Clinique Physioth\u00e9rapie des Monts\" \/>\n<meta name=\"twitter:description\" content=\"La Clinique Physioth\u00e9rapie des Monts offre le service d&#039;ost\u00e9ophathie, \u00e0 Pr\u00e9vost dans les Laurentides, avec notre ost\u00e9opathe Kim Aspiro.\" \/>\n<meta name=\"twitter:image\" content=\"http:\/\/physiodesmonts.com\/wp-content\/uploads\/2019\/07\/physiotherapie-des-monts-osteopathe_kim-aspirot.jpg\" \/>\n<meta name=\"twitter:label1\" content=\"Est. reading time\" \/>\n\t<meta name=\"twitter:data1\" content=\"3 minutes\" \/>\n<script type=\"application\/ld+json\" class=\"yoast-schema-graph\">{\"@context\":\"https:\\\/\\\/schema.org\",\"@graph\":[{\"@type\":\"WebPage\",\"@id\":\"https:\\\/\\\/www.physiodesmonts.com\\\/en\\\/osteopathy-service\\\/\",\"url\":\"https:\\\/\\\/www.physiodesmonts.com\\\/en\\\/osteopathy-service\\\/\",\"name\":\"Service d'ost\u00e9opathie \u00e0 Pr\u00e9vost | Clinique Physioth\u00e9rapie des Monts\",\"isPartOf\":{\"@id\":\"https:\\\/\\\/www.physiodesmonts.com\\\/en\\\/#website\"},\"datePublished\":\"2019-09-17T01:07:24+00:00\",\"dateModified\":\"2020-08-05T14:41:52+00:00\",\"description\":\"La Clinique Physioth\u00e9rapie des Monts offre le service d'ost\u00e9ophathie, \u00e0 Pr\u00e9vost dans les Laurentides, avec notre ost\u00e9opathe Kim Aspiro.\",\"breadcrumb\":{\"@id\":\"https:\\\/\\\/www.physiodesmonts.com\\\/en\\\/osteopathy-service\\\/#breadcrumb\"},\"inLanguage\":\"en-CA\",\"potentialAction\":[{\"@type\":\"ReadAction\",\"target\":[\"https:\\\/\\\/www.physiodesmonts.com\\\/en\\\/osteopathy-service\\\/\"]}]},{\"@type\":\"BreadcrumbList\",\"@id\":\"https:\\\/\\\/www.physiodesmonts.com\\\/en\\\/osteopathy-service\\\/#breadcrumb\",\"itemListElement\":[{\"@type\":\"ListItem\",\"position\":1,\"name\":\"Accueil\",\"item\":\"https:\\\/\\\/www.physiodesmonts.com\\\/en\\\/\"},{\"@type\":\"ListItem\",\"position\":2,\"name\":\"Osteopathy Service\"}]},{\"@type\":\"WebSite\",\"@id\":\"https:\\\/\\\/www.physiodesmonts.com\\\/en\\\/#website\",\"url\":\"https:\\\/\\\/www.physiodesmonts.com\\\/en\\\/\",\"name\":\"Clinique Physioth\u00e9rapie des Monts\",\"description\":\"\",\"publisher\":{\"@id\":\"https:\\\/\\\/www.physiodesmonts.com\\\/en\\\/#organization\"},\"potentialAction\":[{\"@type\":\"SearchAction\",\"target\":{\"@type\":\"EntryPoint\",\"urlTemplate\":\"https:\\\/\\\/www.physiodesmonts.com\\\/en\\\/?s={search_term_string}\"},\"query-input\":{\"@type\":\"PropertyValueSpecification\",\"valueRequired\":true,\"valueName\":\"search_term_string\"}}],\"inLanguage\":\"en-CA\"},{\"@type\":\"Organization\",\"@id\":\"https:\\\/\\\/www.physiodesmonts.com\\\/en\\\/#organization\",\"name\":\"Clinique Physioth\u00e9rapie des Monts\",\"url\":\"https:\\\/\\\/www.physiodesmonts.com\\\/en\\\/\",\"logo\":{\"@type\":\"ImageObject\",\"inLanguage\":\"en-CA\",\"@id\":\"https:\\\/\\\/www.physiodesmonts.com\\\/en\\\/#\\\/schema\\\/logo\\\/image\\\/\",\"url\":\"https:\\\/\\\/www.physiodesmonts.com\\\/wp-content\\\/uploads\\\/2019\\\/07\\\/logo.png\",\"contentUrl\":\"https:\\\/\\\/www.physiodesmonts.com\\\/wp-content\\\/uploads\\\/2019\\\/07\\\/logo.png\",\"width\":360,\"height\":217,\"caption\":\"Clinique Physioth\u00e9rapie des Monts\"},\"image\":{\"@id\":\"https:\\\/\\\/www.physiodesmonts.com\\\/en\\\/#\\\/schema\\\/logo\\\/image\\\/\"},\"sameAs\":[\"https:\\\/\\\/www.facebook.com\\\/Clinique-Physioth\u00e9rapie-des-Monts-172495479607885\\\/\"]}]}<\/script>\n<!-- \/ Yoast SEO plugin. -->","yoast_head_json":{"title":"Service d'ost\u00e9opathie \u00e0 Pr\u00e9vost | Clinique Physioth\u00e9rapie des Monts","description":"La Clinique Physioth\u00e9rapie des Monts offre le service d'ost\u00e9ophathie, \u00e0 Pr\u00e9vost dans les Laurentides, avec notre ost\u00e9opathe Kim Aspiro.","robots":{"index":"index","follow":"follow","max-snippet":"max-snippet:-1","max-image-preview":"max-image-preview:large","max-video-preview":"max-video-preview:-1"},"canonical":"https:\/\/www.physiodesmonts.com\/en\/osteopathy-service\/","og_locale":"en_US","og_type":"article","og_title":"Service d'ost\u00e9opathie \u00e0 Pr\u00e9vost | Clinique Physioth\u00e9rapie des Monts","og_description":"La Clinique Physioth\u00e9rapie des Monts offre le service d'ost\u00e9ophathie, \u00e0 Pr\u00e9vost dans les Laurentides, avec notre ost\u00e9opathe Kim Aspiro.","og_url":"https:\/\/www.physiodesmonts.com\/en\/osteopathy-service\/","og_site_name":"Clinique Physioth\u00e9rapie des Monts","article_publisher":"https:\/\/www.facebook.com\/Clinique-Physioth%c3%a9rapie-des-Monts-172495479607885\/","article_modified_time":"2020-08-05T14:41:52+00:00","twitter_card":"summary_large_image","twitter_title":"Service d'ost\u00e9opathie \u00e0 Pr\u00e9vost | Clinique Physioth\u00e9rapie des Monts","twitter_description":"La Clinique Physioth\u00e9rapie des Monts offre le service d'ost\u00e9ophathie, \u00e0 Pr\u00e9vost dans les Laurentides, avec notre ost\u00e9opathe Kim Aspiro.","twitter_image":"http:\/\/physiodesmonts.com\/wp-content\/uploads\/2019\/07\/physiotherapie-des-monts-osteopathe_kim-aspirot.jpg","twitter_misc":{"Est. reading time":"3 minutes"},"schema":{"@context":"https:\/\/schema.org","@graph":[{"@type":"WebPage","@id":"https:\/\/www.physiodesmonts.com\/en\/osteopathy-service\/","url":"https:\/\/www.physiodesmonts.com\/en\/osteopathy-service\/","name":"Service d'ost\u00e9opathie \u00e0 Pr\u00e9vost | Clinique Physioth\u00e9rapie des Monts","isPartOf":{"@id":"https:\/\/www.physiodesmonts.com\/en\/#website"},"datePublished":"2019-09-17T01:07:24+00:00","dateModified":"2020-08-05T14:41:52+00:00","description":"La Clinique Physioth\u00e9rapie des Monts offre le service d'ost\u00e9ophathie, \u00e0 Pr\u00e9vost dans les Laurentides, avec notre ost\u00e9opathe Kim Aspiro.","breadcrumb":{"@id":"https:\/\/www.physiodesmonts.com\/en\/osteopathy-service\/#breadcrumb"},"inLanguage":"en-CA","potentialAction":[{"@type":"ReadAction","target":["https:\/\/www.physiodesmonts.com\/en\/osteopathy-service\/"]}]},{"@type":"BreadcrumbList","@id":"https:\/\/www.physiodesmonts.com\/en\/osteopathy-service\/#breadcrumb","itemListElement":[{"@type":"ListItem","position":1,"name":"Accueil","item":"https:\/\/www.physiodesmonts.com\/en\/"},{"@type":"ListItem","position":2,"name":"Osteopathy Service"}]},{"@type":"WebSite","@id":"https:\/\/www.physiodesmonts.com\/en\/#website","url":"https:\/\/www.physiodesmonts.com\/en\/","name":"Clinique Physioth\u00e9rapie des Monts","description":"","publisher":{"@id":"https:\/\/www.physiodesmonts.com\/en\/#organization"},"potentialAction":[{"@type":"SearchAction","target":{"@type":"EntryPoint","urlTemplate":"https:\/\/www.physiodesmonts.com\/en\/?s={search_term_string}"},"query-input":{"@type":"PropertyValueSpecification","valueRequired":true,"valueName":"search_term_string"}}],"inLanguage":"en-CA"},{"@type":"Organization","@id":"https:\/\/www.physiodesmonts.com\/en\/#organization","name":"Clinique Physioth\u00e9rapie des Monts","url":"https:\/\/www.physiodesmonts.com\/en\/","logo":{"@type":"ImageObject","inLanguage":"en-CA","@id":"https:\/\/www.physiodesmonts.com\/en\/#\/schema\/logo\/image\/","url":"https:\/\/www.physiodesmonts.com\/wp-content\/uploads\/2019\/07\/logo.png","contentUrl":"https:\/\/www.physiodesmonts.com\/wp-content\/uploads\/2019\/07\/logo.png","width":360,"height":217,"caption":"Clinique Physioth\u00e9rapie des Monts"},"image":{"@id":"https:\/\/www.physiodesmonts.com\/en\/#\/schema\/logo\/image\/"},"sameAs":["https:\/\/www.facebook.com\/Clinique-Physioth\u00e9rapie-des-Monts-172495479607885\/"]}]}},"_links":{"self":[{"href":"https:\/\/www.physiodesmonts.com\/en\/wp-json\/wp\/v2\/pages\/370","targetHints":{"allow":["GET"]}}],"collection":[{"href":"https:\/\/www.physiodesmonts.com\/en\/wp-json\/wp\/v2\/pages"}],"about":[{"href":"https:\/\/www.physiodesmonts.com\/en\/wp-json\/wp\/v2\/types\/page"}],"author":[{"embeddable":true,"href":"https:\/\/www.physiodesmonts.com\/en\/wp-json\/wp\/v2\/users\/1"}],"replies":[{"embeddable":true,"href":"https:\/\/www.physiodesmonts.com\/en\/wp-json\/wp\/v2\/comments?post=370"}],"version-history":[{"count":4,"href":"https:\/\/www.physiodesmonts.com\/en\/wp-json\/wp\/v2\/pages\/370\/revisions"}],"predecessor-version":[{"id":453,"href":"https:\/\/www.physiodesmonts.com\/en\/wp-json\/wp\/v2\/pages\/370\/revisions\/453"}],"wp:attachment":[{"href":"https:\/\/www.physiodesmonts.com\/en\/wp-json\/wp\/v2\/media?parent=370"}],"curies":[{"name":"wp","href":"https:\/\/api.w.org\/{rel}","templated":true}]}}